{"id":1869,"date":"2017-11-05T19:28:26","date_gmt":"2017-11-05T19:28:26","guid":{"rendered":"https:\/\/gpstartersites.com\/wordsmith\/?page_id=10"},"modified":"2024-10-11T02:14:24","modified_gmt":"2024-10-11T02:14:24","slug":"home","status":"publish","type":"page","link":"https:\/\/arquiexperto.com\/en\/","title":{"rendered":"Home"},"content":{"rendered":"<h2 class=\"gb-headline gb-headline-6fa1f28d gb-headline-text\">PORTFOLIO<\/h2>\n\n\n<div class=\"gb-grid-wrapper gb-grid-wrapper-30ac6625\">\n<div class=\"gb-grid-column gb-grid-column-2ac007c2\"><div class=\"gb-container gb-container-2ac007c2\"><div class=\"gb-inside-container\">\n\n<div class=\"wp-block-cover\"><span aria-hidden=\"true\" class=\"wp-block-cover__background has-background-dim\" style=\"background-color:#767773\"><\/span><img loading=\"lazy\" decoding=\"async\" width=\"2500\" height=\"1780\" class=\"wp-block-cover__image-background wp-image-2962\" alt=\"House design modern style High Savannah\" src=\"http:\/\/arquiexperto.com\/wp-content\/uploads\/2024\/04\/D5_Scene-50-1_20231230_184409-1.webp\" data-object-fit=\"cover\" srcset=\"https:\/\/arquiexperto.com\/wp-content\/uploads\/2024\/04\/D5_Scene-50-1_20231230_184409-1.webp 2500w, https:\/\/arquiexperto.com\/wp-content\/uploads\/2024\/04\/D5_Scene-50-1_20231230_184409-1-300x214.webp 300w, https:\/\/arquiexperto.com\/wp-content\/uploads\/2024\/04\/D5_Scene-50-1_20231230_184409-1-1024x729.webp 1024w, https:\/\/arquiexperto.com\/wp-content\/uploads\/2024\/04\/D5_Scene-50-1_20231230_184409-1-768x547.webp 768w, https:\/\/arquiexperto.com\/wp-content\/uploads\/2024\/04\/D5_Scene-50-1_20231230_184409-1-1536x1094.webp 1536w, https:\/\/arquiexperto.com\/wp-content\/uploads\/2024\/04\/D5_Scene-50-1_20231230_184409-1-2048x1458.webp 2048w\" sizes=\"auto, (max-width: 2500px) 100vw, 2500px\" \/><div class=\"wp-block-cover__inner-container is-layout-flow wp-block-cover-is-layout-flow\">\n<p class=\"has-text-align-center has-base-3-color has-text-color has-link-color has-large-font-size wp-elements-3a079e2b85c9733d0ffbfb10b2db3921\"><a href=\"https:\/\/arquiexperto.com\/en\/portafolio\/\" data-type=\"page\" data-id=\"11\">Projects Houses<\/a><\/p>\n<\/div><\/div>\n\n<\/div><\/div><\/div>\n\n<div class=\"gb-grid-column gb-grid-column-7ff1d812\"><div class=\"gb-container gb-container-7ff1d812\"><div class=\"gb-inside-container\">\n\n<div class=\"wp-block-cover\"><span aria-hidden=\"true\" class=\"wp-block-cover__background has-background-dim\" style=\"background-color:#7f7770\"><\/span><img loading=\"lazy\" decoding=\"async\" width=\"1920\" height=\"1080\" class=\"wp-block-cover__image-background wp-image-2907\" alt=\"Design Dealer Car Style\" src=\"http:\/\/arquiexperto.com\/wp-content\/uploads\/2024\/04\/Final-C-2.webp\" data-object-fit=\"cover\" srcset=\"https:\/\/arquiexperto.com\/wp-content\/uploads\/2024\/04\/Final-C-2.webp 1920w, https:\/\/arquiexperto.com\/wp-content\/uploads\/2024\/04\/Final-C-2-300x169.webp 300w, https:\/\/arquiexperto.com\/wp-content\/uploads\/2024\/04\/Final-C-2-1024x576.webp 1024w, https:\/\/arquiexperto.com\/wp-content\/uploads\/2024\/04\/Final-C-2-768x432.webp 768w, https:\/\/arquiexperto.com\/wp-content\/uploads\/2024\/04\/Final-C-2-1536x864.webp 1536w\" sizes=\"auto, (max-width: 1920px) 100vw, 1920px\" \/><div class=\"wp-block-cover__inner-container is-layout-flow wp-block-cover-is-layout-flow\">\n<p class=\"has-text-align-center has-base-3-color has-text-color has-link-color has-large-font-size wp-elements-65c1923dcc591fc4a9812a5b32a262ae\"><a href=\"https:\/\/arquiexperto.com\/en\/comerciales\/\" data-type=\"page\" data-id=\"2344\">Commercial projects<\/a><\/p>\n<\/div><\/div>\n\n<\/div><\/div><\/div>\n<\/div>\n\n\n<div style=\"height:30px\" aria-hidden=\"true\" class=\"wp-block-spacer\"><\/div>\n\n\n\n<div class=\"wp-block-cover\" style=\"min-height:449px;aspect-ratio:unset;\"><span aria-hidden=\"true\" class=\"wp-block-cover__background has-background-dim\" style=\"background-color:#6e6f6a\"><\/span><img loading=\"lazy\" decoding=\"async\" width=\"1920\" height=\"1080\" class=\"wp-block-cover__image-background wp-image-2877\" alt=\"Sign and Landscaping Las matas de farfan\" src=\"http:\/\/arquiexperto.com\/wp-content\/uploads\/2024\/04\/Farfan-renders-A_19-Foto.webp\" data-object-fit=\"cover\" srcset=\"https:\/\/arquiexperto.com\/wp-content\/uploads\/2024\/04\/Farfan-renders-A_19-Foto.webp 1920w, https:\/\/arquiexperto.com\/wp-content\/uploads\/2024\/04\/Farfan-renders-A_19-Foto-300x169.webp 300w, https:\/\/arquiexperto.com\/wp-content\/uploads\/2024\/04\/Farfan-renders-A_19-Foto-1024x576.webp 1024w, https:\/\/arquiexperto.com\/wp-content\/uploads\/2024\/04\/Farfan-renders-A_19-Foto-768x432.webp 768w, https:\/\/arquiexperto.com\/wp-content\/uploads\/2024\/04\/Farfan-renders-A_19-Foto-1536x864.webp 1536w\" sizes=\"auto, (max-width: 1920px) 100vw, 1920px\" \/><div class=\"wp-block-cover__inner-container is-layout-flow wp-block-cover-is-layout-flow\">\n<p class=\"has-text-align-center has-base-3-color has-text-color has-link-color has-large-font-size wp-elements-c9a909182f9534f7e31ae7d8190df155\"><a href=\"https:\/\/arquiexperto.com\/en\/paisajismo\/\" data-type=\"page\" data-id=\"2344\">Projects Landscapes<\/a><\/p>\n<\/div><\/div>\n\n\n\n<h3 class=\"gb-headline gb-headline-90f82db7 gb-headline-text\">Si buscas un arquitecto para construir tu casa contactanos<\/h3>\n\n\n<div class=\"gb-button-wrapper gb-button-wrapper-03593cf0\">\n\n<a class=\"gb-button gb-button-3a2422c5 gb-button-text\" href=\"\/en\/wa.me\/ 18094152955\/\" target=\"_blank\" rel=\"nofollow noopener noreferrer\">CONTACT<\/a>\n\n<\/div>\n\n\n<div style=\"height:102px\" aria-hidden=\"true\" class=\"wp-block-spacer\"><\/div>\n\n\n<div class=\"gb-container gb-container-926bd44e\">\n\n<h2 class=\"wp-block-heading\">Why I am looking for an Architect?<\/h2>\n\n\n\n<p>If you&#039;re in the stage of &#034;I architect&#034;, you&#039;ve come to the right place. Our firm offers a wide range of architectural services designed to meet all your needs of construction and design.<\/p>\n\n\n\n<h2 class=\"wp-block-heading\">Architect Consultant<\/h2>\n\n\n\n<p>We have architects expert advisors who will guide you at every stage of the process of your project. From the initial conception to completion, we are here to ensure that every detail is made with the highest quality and care.<\/p>\n\n\n\n<h2 class=\"wp-block-heading\">If you are looking for an architect in Santo Domingo<\/h2>\n\n\n\n<p>If you are looking for an architect in Santo Domingo, our local expertise allows us to offer innovative solutions tailored to your specific needs. We know the particularities of the environment and we are committed to make projects with excellence.<\/p>\n\n\n\n<h2 class=\"wp-block-heading\">Architect in the Dominican Republic<\/h2>\n\n\n\n<p>As architects in the Dominican Republic, we understand the architectural styles and local regulations. This ensures that your project will run smoothly and with high quality, ensuring that every aspect meets the most stringent standards.<\/p>\n\n\n\n<h2 class=\"wp-block-heading\">Look for an Architect to Project<\/h2>\n\n\n\n<p>Are you looking for an architect for your project? Our firm offers personalized services to realize your vision of a functional, aesthetic and sustainable. We work with you to understand your needs and design solutions that exceed your expectations.<\/p>\n\n\n\n<h2 class=\"wp-block-heading\">Look for an Architect to Build My House<\/h2>\n\n\n\n<p>When you think &#034;I am looking for an architect to build my house&#034;, you know that you are looking for a place where you&#039;ll live and you&#039;ll create memories. Our qualified architects will ensure that your home reflects your tastes and needs, maximizing the use of space, and ensuring durability. We design the home of your dreams with the highest quality and attention to detail.<\/p>\n\n<\/div>\n\n\n<p><\/p>","protected":false},"excerpt":{"rendered":"<p>PORTAFOLIO Si buscas un arquitecto para construir tu casa contactanos \u00bfPor Qu\u00e9 Busco un Arquitecto? Si est\u00e1s en la etapa de \u00abbusco arquitecto\u00bb, has llegado al lugar indicado. Nuestra firma ofrece una amplia gama de servicios arquitect\u00f3nicos dise\u00f1ados para satisfacer todas tus necesidades de construcci\u00f3n y dise\u00f1o. Arquitecto Asesor Contamos con arquitectos asesores expertos que &#8230; <a title=\"Home\" class=\"read-more\" href=\"https:\/\/arquiexperto.com\/en\/\" aria-label=\"Read more about Inicio\">Leer m\u00e1s<\/a><\/p>","protected":false},"author":1,"featured_media":2961,"parent":0,"menu_order":0,"comment_status":"closed","ping_status":"closed","template":"","meta":{"_joinchat":[],"footnotes":""},"class_list":["post-1869","page","type-page","status-publish","has-post-thumbnail"],"yoast_head":"<!-- This site is optimized with the Yoast SEO plugin v23.7 - https:\/\/yoast.com\/wordpress\/plugins\/seo\/ -->\n<title>ArquiExperto - Busco Arquitecto para Construir Mi Casa<\/title>\n<meta name=\"description\" content=\"Busco Arquitecto para Construir Mi Casa \u26d4\ufe0f Trabajamos Dise\u00f1os de casas, Asesorias, construccion de casas \u26d4\ufe0f ENTRA Y CONTACTANOS!!!\" \/>\n<meta name=\"robots\" content=\"index, follow, max-snippet:-1, max-image-preview:large, max-video-preview:-1\" \/>\n<link rel=\"canonical\" href=\"https:\/\/arquiexperto.com\/en\/\" \/>\n<meta property=\"og:locale\" content=\"en_US\" \/>\n<meta property=\"og:type\" content=\"article\" \/>\n<meta property=\"og:title\" content=\"ArquiExperto - Busco Arquitecto para Construir Mi Casa\" \/>\n<meta property=\"og:description\" content=\"Busco Arquitecto para Construir Mi Casa \u26d4\ufe0f Trabajamos Dise\u00f1os de casas, Asesorias, construccion de casas \u26d4\ufe0f ENTRA Y CONTACTANOS!!!\" \/>\n<meta property=\"og:url\" content=\"https:\/\/arquiexperto.com\/en\/\" \/>\n<meta property=\"og:site_name\" content=\"ArquiExperto\" \/>\n<meta property=\"article:modified_time\" content=\"2024-10-11T02:14:24+00:00\" \/>\n<meta property=\"og:image\" content=\"https:\/\/arquiexperto.com\/wp-content\/uploads\/2024\/04\/D5_Scene-48-1_20231230_191459-1.webp\" \/>\n\t<meta property=\"og:image:width\" content=\"2500\" \/>\n\t<meta property=\"og:image:height\" content=\"1780\" \/>\n\t<meta property=\"og:image:type\" content=\"image\/webp\" \/>\n<meta name=\"twitter:card\" content=\"summary_large_image\" \/>\n<meta name=\"twitter:label1\" content=\"Est. reading time\" \/>\n\t<meta name=\"twitter:data1\" content=\"3 minutes\" \/>\n<script type=\"application\/ld+json\" class=\"yoast-schema-graph\">{\"@context\":\"https:\/\/schema.org\",\"@graph\":[{\"@type\":\"WebPage\",\"@id\":\"https:\/\/arquiexperto.com\/\",\"url\":\"https:\/\/arquiexperto.com\/\",\"name\":\"ArquiExperto - Busco Arquitecto para Construir Mi Casa\",\"isPartOf\":{\"@id\":\"https:\/\/arquiexperto.com\/#website\"},\"primaryImageOfPage\":{\"@id\":\"https:\/\/arquiexperto.com\/#primaryimage\"},\"image\":{\"@id\":\"https:\/\/arquiexperto.com\/#primaryimage\"},\"thumbnailUrl\":\"https:\/\/arquiexperto.com\/wp-content\/uploads\/2024\/04\/D5_Scene-48-1_20231230_191459-1.webp\",\"datePublished\":\"2017-11-05T19:28:26+00:00\",\"dateModified\":\"2024-10-11T02:14:24+00:00\",\"description\":\"Busco Arquitecto para Construir Mi Casa \u26d4\ufe0f Trabajamos Dise\u00f1os de casas, Asesorias, construccion de casas \u26d4\ufe0f ENTRA Y CONTACTANOS!!!\",\"inLanguage\":\"en-US\",\"potentialAction\":[{\"@type\":\"ReadAction\",\"target\":[\"https:\/\/arquiexperto.com\/\"]}]},{\"@type\":\"ImageObject\",\"inLanguage\":\"en-US\",\"@id\":\"https:\/\/arquiexperto.com\/#primaryimage\",\"url\":\"https:\/\/arquiexperto.com\/wp-content\/uploads\/2024\/04\/D5_Scene-48-1_20231230_191459-1.webp\",\"contentUrl\":\"https:\/\/arquiexperto.com\/wp-content\/uploads\/2024\/04\/D5_Scene-48-1_20231230_191459-1.webp\",\"width\":2500,\"height\":1780,\"caption\":\"Casa estilo moderno\"},{\"@type\":\"WebSite\",\"@id\":\"https:\/\/arquiexperto.com\/#website\",\"url\":\"https:\/\/arquiexperto.com\/\",\"name\":\"ArquiExperto\",\"description\":\"Dise\u00f1amos la casa de tus sue\u00f1os\",\"potentialAction\":[{\"@type\":\"SearchAction\",\"target\":{\"@type\":\"EntryPoint\",\"urlTemplate\":\"https:\/\/arquiexperto.com\/?s={search_term_string}\"},\"query-input\":{\"@type\":\"PropertyValueSpecification\",\"valueRequired\":true,\"valueName\":\"search_term_string\"}}],\"inLanguage\":\"en-US\"}]}<\/script>\n<!-- \/ Yoast SEO plugin. -->","yoast_head_json":{"title":"ArquiExperto - Busco Arquitecto para Construir Mi Casa","description":"Busco Arquitecto para Construir Mi Casa \u26d4\ufe0f Trabajamos Dise\u00f1os de casas, Asesorias, construccion de casas \u26d4\ufe0f ENTRA Y CONTACTANOS!!!","robots":{"index":"index","follow":"follow","max-snippet":"max-snippet:-1","max-image-preview":"max-image-preview:large","max-video-preview":"max-video-preview:-1"},"canonical":"https:\/\/arquiexperto.com\/en\/","og_locale":"en_US","og_type":"article","og_title":"ArquiExperto - Busco Arquitecto para Construir Mi Casa","og_description":"Busco Arquitecto para Construir Mi Casa \u26d4\ufe0f Trabajamos Dise\u00f1os de casas, Asesorias, construccion de casas \u26d4\ufe0f ENTRA Y CONTACTANOS!!!","og_url":"https:\/\/arquiexperto.com\/en\/","og_site_name":"ArquiExperto","article_modified_time":"2024-10-11T02:14:24+00:00","og_image":[{"width":2500,"height":1780,"url":"https:\/\/arquiexperto.com\/wp-content\/uploads\/2024\/04\/D5_Scene-48-1_20231230_191459-1.webp","type":"image\/webp"}],"twitter_card":"summary_large_image","twitter_misc":{"Est. reading time":"3 minutes"},"schema":{"@context":"https:\/\/schema.org","@graph":[{"@type":"WebPage","@id":"https:\/\/arquiexperto.com\/","url":"https:\/\/arquiexperto.com\/","name":"ArquiExperto - Busco Arquitecto para Construir Mi Casa","isPartOf":{"@id":"https:\/\/arquiexperto.com\/#website"},"primaryImageOfPage":{"@id":"https:\/\/arquiexperto.com\/#primaryimage"},"image":{"@id":"https:\/\/arquiexperto.com\/#primaryimage"},"thumbnailUrl":"https:\/\/arquiexperto.com\/wp-content\/uploads\/2024\/04\/D5_Scene-48-1_20231230_191459-1.webp","datePublished":"2017-11-05T19:28:26+00:00","dateModified":"2024-10-11T02:14:24+00:00","description":"Busco Arquitecto para Construir Mi Casa \u26d4\ufe0f Trabajamos Dise\u00f1os de casas, Asesorias, construccion de casas \u26d4\ufe0f ENTRA Y CONTACTANOS!!!","inLanguage":"en-US","potentialAction":[{"@type":"ReadAction","target":["https:\/\/arquiexperto.com\/"]}]},{"@type":"ImageObject","inLanguage":"en-US","@id":"https:\/\/arquiexperto.com\/#primaryimage","url":"https:\/\/arquiexperto.com\/wp-content\/uploads\/2024\/04\/D5_Scene-48-1_20231230_191459-1.webp","contentUrl":"https:\/\/arquiexperto.com\/wp-content\/uploads\/2024\/04\/D5_Scene-48-1_20231230_191459-1.webp","width":2500,"height":1780,"caption":"Casa estilo moderno"},{"@type":"WebSite","@id":"https:\/\/arquiexperto.com\/#website","url":"https:\/\/arquiexperto.com\/","name":"ArquiExperto","description":"Dise\u00f1amos la casa de tus sue\u00f1os","potentialAction":[{"@type":"SearchAction","target":{"@type":"EntryPoint","urlTemplate":"https:\/\/arquiexperto.com\/?s={search_term_string}"},"query-input":{"@type":"PropertyValueSpecification","valueRequired":true,"valueName":"search_term_string"}}],"inLanguage":"en-US"}]}},"_links":{"self":[{"href":"https:\/\/arquiexperto.com\/en\/wp-json\/wp\/v2\/pages\/1869","targetHints":{"allow":["GET"]}}],"collection":[{"href":"https:\/\/arquiexperto.com\/en\/wp-json\/wp\/v2\/pages"}],"about":[{"href":"https:\/\/arquiexperto.com\/en\/wp-json\/wp\/v2\/types\/page"}],"author":[{"embeddable":true,"href":"https:\/\/arquiexperto.com\/en\/wp-json\/wp\/v2\/users\/1"}],"replies":[{"embeddable":true,"href":"https:\/\/arquiexperto.com\/en\/wp-json\/wp\/v2\/comments?post=1869"}],"version-history":[{"count":23,"href":"https:\/\/arquiexperto.com\/en\/wp-json\/wp\/v2\/pages\/1869\/revisions"}],"predecessor-version":[{"id":3074,"href":"https:\/\/arquiexperto.com\/en\/wp-json\/wp\/v2\/pages\/1869\/revisions\/3074"}],"wp:featuredmedia":[{"embeddable":true,"href":"https:\/\/arquiexperto.com\/en\/wp-json\/wp\/v2\/media\/2961"}],"wp:attachment":[{"href":"https:\/\/arquiexperto.com\/en\/wp-json\/wp\/v2\/media?parent=1869"}],"curies":[{"name":"wp","href":"https:\/\/api.w.org\/{rel}","templated":true}]}}