{"id":2344,"date":"2018-03-05T17:47:18","date_gmt":"2018-03-05T17:47:18","guid":{"rendered":"https:\/\/gpsites.co\/pixel\/?page_id=2344"},"modified":"2024-07-31T01:31:53","modified_gmt":"2024-07-31T01:31:53","slug":"paisajismo","status":"publish","type":"page","link":"https:\/\/arquiexperto.com\/en\/paisajismo\/","title":{"rendered":"Landscaping"},"content":{"rendered":"<figure class=\"wp-block-gallery has-nested-images columns-4 is-cropped full-width-gallery wp-block-gallery-1 is-layout-flex wp-block-gallery-is-layout-flex\">\n<figure class=\"wp-block-image size-large\"><a href=\"http:\/\/arquiexperto.com\/wp-content\/uploads\/2024\/04\/Farfan-renders-A_19-Foto.webp\"><img loading=\"lazy\" decoding=\"async\" width=\"1024\" height=\"576\" data-id=\"2877\" src=\"http:\/\/arquiexperto.com\/wp-content\/uploads\/2024\/04\/Farfan-renders-A_19-Foto-1024x576.webp\" alt=\"Sign and Landscaping Las matas de farfan\" class=\"wp-image-2877\" srcset=\"https:\/\/arquiexperto.com\/wp-content\/uploads\/2024\/04\/Farfan-renders-A_19-Foto-1024x576.webp 1024w, https:\/\/arquiexperto.com\/wp-content\/uploads\/2024\/04\/Farfan-renders-A_19-Foto-300x169.webp 300w, https:\/\/arquiexperto.com\/wp-content\/uploads\/2024\/04\/Farfan-renders-A_19-Foto-768x432.webp 768w, https:\/\/arquiexperto.com\/wp-content\/uploads\/2024\/04\/Farfan-renders-A_19-Foto-1536x864.webp 1536w, https:\/\/arquiexperto.com\/wp-content\/uploads\/2024\/04\/Farfan-renders-A_19-Foto.webp 1920w\" sizes=\"auto, (max-width: 1024px) 100vw, 1024px\" \/><\/a><\/figure>\n\n\n\n<figure class=\"wp-block-image size-large\"><a href=\"http:\/\/arquiexperto.com\/wp-content\/uploads\/2024\/04\/Farfan-renders-B_25-Foto.webp\"><img loading=\"lazy\" decoding=\"async\" width=\"1024\" height=\"576\" data-id=\"2882\" src=\"http:\/\/arquiexperto.com\/wp-content\/uploads\/2024\/04\/Farfan-renders-B_25-Foto-1024x576.webp\" alt=\"\" class=\"wp-image-2882\" srcset=\"https:\/\/arquiexperto.com\/wp-content\/uploads\/2024\/04\/Farfan-renders-B_25-Foto-1024x576.webp 1024w, https:\/\/arquiexperto.com\/wp-content\/uploads\/2024\/04\/Farfan-renders-B_25-Foto-300x169.webp 300w, https:\/\/arquiexperto.com\/wp-content\/uploads\/2024\/04\/Farfan-renders-B_25-Foto-768x432.webp 768w, https:\/\/arquiexperto.com\/wp-content\/uploads\/2024\/04\/Farfan-renders-B_25-Foto-1536x864.webp 1536w, https:\/\/arquiexperto.com\/wp-content\/uploads\/2024\/04\/Farfan-renders-B_25-Foto.webp 1920w\" sizes=\"auto, (max-width: 1024px) 100vw, 1024px\" \/><\/a><\/figure>\n\n\n\n<figure class=\"wp-block-image size-large\"><a href=\"http:\/\/arquiexperto.com\/wp-content\/uploads\/2024\/04\/Renders-2-luz_Photo-7.webp\"><img loading=\"lazy\" decoding=\"async\" width=\"1024\" height=\"576\" data-id=\"2913\" src=\"http:\/\/arquiexperto.com\/wp-content\/uploads\/2024\/04\/Renders-2-luz_Photo-7-1024x576.webp\" alt=\"\" class=\"wp-image-2913\" srcset=\"https:\/\/arquiexperto.com\/wp-content\/uploads\/2024\/04\/Renders-2-luz_Photo-7-1024x576.webp 1024w, https:\/\/arquiexperto.com\/wp-content\/uploads\/2024\/04\/Renders-2-luz_Photo-7-300x169.webp 300w, https:\/\/arquiexperto.com\/wp-content\/uploads\/2024\/04\/Renders-2-luz_Photo-7-768x432.webp 768w, https:\/\/arquiexperto.com\/wp-content\/uploads\/2024\/04\/Renders-2-luz_Photo-7-1536x864.webp 1536w, https:\/\/arquiexperto.com\/wp-content\/uploads\/2024\/04\/Renders-2-luz_Photo-7.webp 1920w\" sizes=\"auto, (max-width: 1024px) 100vw, 1024px\" \/><\/a><\/figure>\n\n\n\n<figure class=\"wp-block-image size-large\"><a href=\"http:\/\/arquiexperto.com\/wp-content\/uploads\/2024\/04\/Farfan-renders-A_15-Foto.webp\"><img loading=\"lazy\" decoding=\"async\" width=\"1024\" height=\"576\" data-id=\"2880\" src=\"http:\/\/arquiexperto.com\/wp-content\/uploads\/2024\/04\/Farfan-renders-A_15-Foto-1024x576.webp\" alt=\"\" class=\"wp-image-2880\" srcset=\"https:\/\/arquiexperto.com\/wp-content\/uploads\/2024\/04\/Farfan-renders-A_15-Foto-1024x576.webp 1024w, https:\/\/arquiexperto.com\/wp-content\/uploads\/2024\/04\/Farfan-renders-A_15-Foto-300x169.webp 300w, https:\/\/arquiexperto.com\/wp-content\/uploads\/2024\/04\/Farfan-renders-A_15-Foto-768x432.webp 768w, https:\/\/arquiexperto.com\/wp-content\/uploads\/2024\/04\/Farfan-renders-A_15-Foto-1536x864.webp 1536w, https:\/\/arquiexperto.com\/wp-content\/uploads\/2024\/04\/Farfan-renders-A_15-Foto.webp 1920w\" sizes=\"auto, (max-width: 1024px) 100vw, 1024px\" \/><\/a><\/figure>\n\n\n\n<figure class=\"wp-block-image size-large\"><a href=\"https:\/\/arquiexperto.com\/wp-content\/uploads\/2024\/04\/Farfan-renders-A_19-Foto.webp\"><img loading=\"lazy\" decoding=\"async\" width=\"1024\" height=\"576\" data-id=\"2877\" src=\"https:\/\/arquiexperto.com\/wp-content\/uploads\/2024\/04\/Farfan-renders-A_19-Foto-1024x576.webp\" alt=\"Sign and Landscaping Las matas de farfan\" class=\"wp-image-2877\" srcset=\"https:\/\/arquiexperto.com\/wp-content\/uploads\/2024\/04\/Farfan-renders-A_19-Foto-1024x576.webp 1024w, https:\/\/arquiexperto.com\/wp-content\/uploads\/2024\/04\/Farfan-renders-A_19-Foto-300x169.webp 300w, https:\/\/arquiexperto.com\/wp-content\/uploads\/2024\/04\/Farfan-renders-A_19-Foto-768x432.webp 768w, https:\/\/arquiexperto.com\/wp-content\/uploads\/2024\/04\/Farfan-renders-A_19-Foto-1536x864.webp 1536w, https:\/\/arquiexperto.com\/wp-content\/uploads\/2024\/04\/Farfan-renders-A_19-Foto.webp 1920w\" sizes=\"auto, (max-width: 1024px) 100vw, 1024px\" \/><\/a><\/figure>\n\n\n\n<figure class=\"wp-block-image size-large\"><a href=\"http:\/\/arquiexperto.com\/wp-content\/uploads\/2024\/04\/Letrero-01.webp\"><img loading=\"lazy\" decoding=\"async\" width=\"1024\" height=\"729\" data-id=\"2858\" src=\"http:\/\/arquiexperto.com\/wp-content\/uploads\/2024\/04\/Letrero-01-1024x729.webp\" alt=\"\" class=\"wp-image-2858\" srcset=\"https:\/\/arquiexperto.com\/wp-content\/uploads\/2024\/04\/Letrero-01-1024x729.webp 1024w, https:\/\/arquiexperto.com\/wp-content\/uploads\/2024\/04\/Letrero-01-300x214.webp 300w, https:\/\/arquiexperto.com\/wp-content\/uploads\/2024\/04\/Letrero-01-768x547.webp 768w, https:\/\/arquiexperto.com\/wp-content\/uploads\/2024\/04\/Letrero-01.webp 1500w\" sizes=\"auto, (max-width: 1024px) 100vw, 1024px\" \/><\/a><\/figure>\n\n\n\n<figure class=\"wp-block-image size-large\"><a href=\"http:\/\/arquiexperto.com\/wp-content\/uploads\/2024\/04\/Renders-2-luz_Photo-9_15-Photo.webp\"><img loading=\"lazy\" decoding=\"async\" width=\"1024\" height=\"576\" data-id=\"2912\" src=\"http:\/\/arquiexperto.com\/wp-content\/uploads\/2024\/04\/Renders-2-luz_Photo-9_15-Photo-1024x576.webp\" alt=\"\" class=\"wp-image-2912\" srcset=\"https:\/\/arquiexperto.com\/wp-content\/uploads\/2024\/04\/Renders-2-luz_Photo-9_15-Photo-1024x576.webp 1024w, https:\/\/arquiexperto.com\/wp-content\/uploads\/2024\/04\/Renders-2-luz_Photo-9_15-Photo-300x169.webp 300w, https:\/\/arquiexperto.com\/wp-content\/uploads\/2024\/04\/Renders-2-luz_Photo-9_15-Photo-768x432.webp 768w, https:\/\/arquiexperto.com\/wp-content\/uploads\/2024\/04\/Renders-2-luz_Photo-9_15-Photo-1536x864.webp 1536w, https:\/\/arquiexperto.com\/wp-content\/uploads\/2024\/04\/Renders-2-luz_Photo-9_15-Photo.webp 1920w\" sizes=\"auto, (max-width: 1024px) 100vw, 1024px\" \/><\/a><\/figure>\n<\/figure>\n\n\n<div class=\"gb-container gb-container-ab2f4756\">\n\n<h2 class=\"gb-headline gb-headline-d9a77f0f gb-headline-text\">Services of a Landscaping Professional<\/h2>\n\n\n\n<p><strong>Transform your Outdoor Space<\/strong><\/p>\n\n\n\n<p>As a landscape professional, I am dedicated to transform your outdoor spaces into true works of art. My personalized approach ensures that every garden and recreational area not only complement your home, but that also reflects your style and needs. I am in charge of every detail, so that your environment is both functional and aesthetically appealing.<\/p>\n\n\n\n<p><strong>Design Comprehensive and Sustainable<\/strong><\/p>\n\n\n\n<p>I offer a complete service ranging from design conception to the execution of the project. My focus in sustainable design ensures that the space is not only visually striking, but also respectful with the environment. I use innovative solutions that optimize the use of water, and promote biodiversity, ensuring that your landscape is beautiful and ecologically balanced.<\/p>\n\n\n\n<p><strong>Counseling and Ongoing Maintenance<\/strong><\/p>\n\n\n\n<p>In addition to the design, I provide consulting and maintenance services to ensure that your outdoor space is kept in perfect condition. My commitment goes beyond the installation; I am available to offer guidance on the care of your plants, and necessary adjustments, so that your garden remains a place of beauty and enjoyment over time.<\/p>\n\n<\/div>","protected":false},"excerpt":{"rendered":"<p>Servicios de Paisajismo Profesional Transforma tu Espacio Exterior Como paisajista profesional, me dedico a transformar tus espacios exteriores en aut\u00e9nticas obras de arte. Mi enfoque personalizado asegura que cada jard\u00edn y \u00e1rea recreativa no solo complemente tu hogar, sino que tambi\u00e9n refleje tu estilo y necesidades. Me encargo de cada detalle para que tu entorno &#8230; <a title=\"Landscaping\" class=\"read-more\" href=\"https:\/\/arquiexperto.com\/en\/paisajismo\/\" aria-label=\"Read more about Paisajismo\">Leer m\u00e1s<\/a><\/p>","protected":false},"author":1,"featured_media":2877,"parent":0,"menu_order":2,"comment_status":"closed","ping_status":"closed","template":"","meta":{"_joinchat":[],"footnotes":""},"class_list":["post-2344","page","type-page","status-publish","has-post-thumbnail"],"yoast_head":"<!-- This site is optimized with the Yoast SEO plugin v23.7 - https:\/\/yoast.com\/wordpress\/plugins\/seo\/ -->\n<title>\u25b7 ArquiExperto | Paisajista en Santo Domingo - Republica Dominicana<\/title>\n<meta name=\"description\" content=\"Transforma tu espacio exterior con un dise\u00f1o paisaj\u00edstico personalizado y sostenible. Ofrezco un servicio integral que incluye dise\u00f1o elegante\" \/>\n<meta name=\"robots\" content=\"index, follow, max-snippet:-1, max-image-preview:large, max-video-preview:-1\" \/>\n<link rel=\"canonical\" href=\"https:\/\/arquiexperto.com\/en\/paisajismo\/\" \/>\n<meta property=\"og:locale\" content=\"en_US\" \/>\n<meta property=\"og:type\" content=\"article\" \/>\n<meta property=\"og:title\" content=\"\u25b7 ArquiExperto | Paisajista en Santo Domingo - Republica Dominicana\" \/>\n<meta property=\"og:description\" content=\"Transforma tu espacio exterior con un dise\u00f1o paisaj\u00edstico personalizado y sostenible. Ofrezco un servicio integral que incluye dise\u00f1o elegante\" \/>\n<meta property=\"og:url\" content=\"https:\/\/arquiexperto.com\/en\/paisajismo\/\" \/>\n<meta property=\"og:site_name\" content=\"ArquiExperto\" \/>\n<meta property=\"article:modified_time\" content=\"2024-07-31T01:31:53+00:00\" \/>\n<meta property=\"og:image\" content=\"http:\/\/arquiexperto.com\/wp-content\/uploads\/2024\/04\/Farfan-renders-A_19-Foto.webp\" \/>\n\t<meta property=\"og:image:width\" content=\"1920\" \/>\n\t<meta property=\"og:image:height\" content=\"1080\" \/>\n\t<meta property=\"og:image:type\" content=\"image\/webp\" \/>\n<meta name=\"twitter:card\" content=\"summary_large_image\" \/>\n<meta name=\"twitter:label1\" content=\"Est. reading time\" \/>\n\t<meta name=\"twitter:data1\" content=\"3 minutes\" \/>\n<script type=\"application\/ld+json\" class=\"yoast-schema-graph\">{\"@context\":\"https:\/\/schema.org\",\"@graph\":[{\"@type\":\"WebPage\",\"@id\":\"http:\/\/arquiexperto.com\/paisajismo\/\",\"url\":\"http:\/\/arquiexperto.com\/paisajismo\/\",\"name\":\"\u25b7 ArquiExperto | Paisajista en Santo Domingo - Republica Dominicana\",\"isPartOf\":{\"@id\":\"https:\/\/arquiexperto.com\/#website\"},\"primaryImageOfPage\":{\"@id\":\"http:\/\/arquiexperto.com\/paisajismo\/#primaryimage\"},\"image\":{\"@id\":\"http:\/\/arquiexperto.com\/paisajismo\/#primaryimage\"},\"thumbnailUrl\":\"https:\/\/arquiexperto.com\/wp-content\/uploads\/2024\/04\/Farfan-renders-A_19-Foto.webp\",\"datePublished\":\"2018-03-05T17:47:18+00:00\",\"dateModified\":\"2024-07-31T01:31:53+00:00\",\"description\":\"Transforma tu espacio exterior con un dise\u00f1o paisaj\u00edstico personalizado y sostenible. Ofrezco un servicio integral que incluye dise\u00f1o elegante\",\"inLanguage\":\"en-US\",\"potentialAction\":[{\"@type\":\"ReadAction\",\"target\":[\"http:\/\/arquiexperto.com\/paisajismo\/\"]}]},{\"@type\":\"ImageObject\",\"inLanguage\":\"en-US\",\"@id\":\"http:\/\/arquiexperto.com\/paisajismo\/#primaryimage\",\"url\":\"https:\/\/arquiexperto.com\/wp-content\/uploads\/2024\/04\/Farfan-renders-A_19-Foto.webp\",\"contentUrl\":\"https:\/\/arquiexperto.com\/wp-content\/uploads\/2024\/04\/Farfan-renders-A_19-Foto.webp\",\"width\":1920,\"height\":1080,\"caption\":\"Letrero y Paisajismo Las matas de farfan\"},{\"@type\":\"WebSite\",\"@id\":\"https:\/\/arquiexperto.com\/#website\",\"url\":\"https:\/\/arquiexperto.com\/\",\"name\":\"ArquiExperto\",\"description\":\"Dise\u00f1amos la casa de tus sue\u00f1os\",\"potentialAction\":[{\"@type\":\"SearchAction\",\"target\":{\"@type\":\"EntryPoint\",\"urlTemplate\":\"https:\/\/arquiexperto.com\/?s={search_term_string}\"},\"query-input\":{\"@type\":\"PropertyValueSpecification\",\"valueRequired\":true,\"valueName\":\"search_term_string\"}}],\"inLanguage\":\"en-US\"}]}<\/script>\n<!-- \/ Yoast SEO plugin. -->","yoast_head_json":{"title":"\u25b7 ArquiExperto | Paisajista en Santo Domingo - Republica Dominicana","description":"Transforma tu espacio exterior con un dise\u00f1o paisaj\u00edstico personalizado y sostenible. Ofrezco un servicio integral que incluye dise\u00f1o elegante","robots":{"index":"index","follow":"follow","max-snippet":"max-snippet:-1","max-image-preview":"max-image-preview:large","max-video-preview":"max-video-preview:-1"},"canonical":"https:\/\/arquiexperto.com\/en\/paisajismo\/","og_locale":"en_US","og_type":"article","og_title":"\u25b7 ArquiExperto | Paisajista en Santo Domingo - Republica Dominicana","og_description":"Transforma tu espacio exterior con un dise\u00f1o paisaj\u00edstico personalizado y sostenible. Ofrezco un servicio integral que incluye dise\u00f1o elegante","og_url":"https:\/\/arquiexperto.com\/en\/paisajismo\/","og_site_name":"ArquiExperto","article_modified_time":"2024-07-31T01:31:53+00:00","og_image":[{"width":1920,"height":1080,"url":"http:\/\/arquiexperto.com\/wp-content\/uploads\/2024\/04\/Farfan-renders-A_19-Foto.webp","type":"image\/webp"}],"twitter_card":"summary_large_image","twitter_misc":{"Est. reading time":"3 minutes"},"schema":{"@context":"https:\/\/schema.org","@graph":[{"@type":"WebPage","@id":"http:\/\/arquiexperto.com\/paisajismo\/","url":"http:\/\/arquiexperto.com\/paisajismo\/","name":"\u25b7 ArquiExperto | Paisajista en Santo Domingo - Republica Dominicana","isPartOf":{"@id":"https:\/\/arquiexperto.com\/#website"},"primaryImageOfPage":{"@id":"http:\/\/arquiexperto.com\/paisajismo\/#primaryimage"},"image":{"@id":"http:\/\/arquiexperto.com\/paisajismo\/#primaryimage"},"thumbnailUrl":"https:\/\/arquiexperto.com\/wp-content\/uploads\/2024\/04\/Farfan-renders-A_19-Foto.webp","datePublished":"2018-03-05T17:47:18+00:00","dateModified":"2024-07-31T01:31:53+00:00","description":"Transforma tu espacio exterior con un dise\u00f1o paisaj\u00edstico personalizado y sostenible. Ofrezco un servicio integral que incluye dise\u00f1o elegante","inLanguage":"en-US","potentialAction":[{"@type":"ReadAction","target":["http:\/\/arquiexperto.com\/paisajismo\/"]}]},{"@type":"ImageObject","inLanguage":"en-US","@id":"http:\/\/arquiexperto.com\/paisajismo\/#primaryimage","url":"https:\/\/arquiexperto.com\/wp-content\/uploads\/2024\/04\/Farfan-renders-A_19-Foto.webp","contentUrl":"https:\/\/arquiexperto.com\/wp-content\/uploads\/2024\/04\/Farfan-renders-A_19-Foto.webp","width":1920,"height":1080,"caption":"Letrero y Paisajismo Las matas de farfan"},{"@type":"WebSite","@id":"https:\/\/arquiexperto.com\/#website","url":"https:\/\/arquiexperto.com\/","name":"ArquiExperto","description":"Dise\u00f1amos la casa de tus sue\u00f1os","potentialAction":[{"@type":"SearchAction","target":{"@type":"EntryPoint","urlTemplate":"https:\/\/arquiexperto.com\/?s={search_term_string}"},"query-input":{"@type":"PropertyValueSpecification","valueRequired":true,"valueName":"search_term_string"}}],"inLanguage":"en-US"}]}},"_links":{"self":[{"href":"https:\/\/arquiexperto.com\/en\/wp-json\/wp\/v2\/pages\/2344","targetHints":{"allow":["GET"]}}],"collection":[{"href":"https:\/\/arquiexperto.com\/en\/wp-json\/wp\/v2\/pages"}],"about":[{"href":"https:\/\/arquiexperto.com\/en\/wp-json\/wp\/v2\/types\/page"}],"author":[{"embeddable":true,"href":"https:\/\/arquiexperto.com\/en\/wp-json\/wp\/v2\/users\/1"}],"replies":[{"embeddable":true,"href":"https:\/\/arquiexperto.com\/en\/wp-json\/wp\/v2\/comments?post=2344"}],"version-history":[{"count":6,"href":"https:\/\/arquiexperto.com\/en\/wp-json\/wp\/v2\/pages\/2344\/revisions"}],"predecessor-version":[{"id":3062,"href":"https:\/\/arquiexperto.com\/en\/wp-json\/wp\/v2\/pages\/2344\/revisions\/3062"}],"wp:featuredmedia":[{"embeddable":true,"href":"https:\/\/arquiexperto.com\/en\/wp-json\/wp\/v2\/media\/2877"}],"wp:attachment":[{"href":"https:\/\/arquiexperto.com\/en\/wp-json\/wp\/v2\/media?parent=2344"}],"curies":[{"name":"wp","href":"https:\/\/api.w.org\/{rel}","templated":true}]}}