{"id":3032,"date":"2024-07-20T01:45:06","date_gmt":"2024-07-20T01:45:06","guid":{"rendered":"https:\/\/arquiexperto.com\/?page_id=3032"},"modified":"2024-07-20T04:05:39","modified_gmt":"2024-07-20T04:05:39","slug":"comerciales","status":"publish","type":"page","link":"https:\/\/arquiexperto.com\/en\/comerciales\/","title":{"rendered":"Commercial projects"},"content":{"rendered":"<figure class=\"wp-block-gallery has-nested-images columns-default is-cropped wp-block-gallery-1 is-layout-flex wp-block-gallery-is-layout-flex\">\n<figure class=\"wp-block-image size-large\"><img loading=\"lazy\" decoding=\"async\" width=\"1024\" height=\"576\" data-id=\"2907\" src=\"https:\/\/arquiexperto.com\/wp-content\/uploads\/2024\/04\/Final-C-2-1024x576.webp\" alt=\"Design Dealer Car Style\" class=\"wp-image-2907\" srcset=\"https:\/\/arquiexperto.com\/wp-content\/uploads\/2024\/04\/Final-C-2-1024x576.webp 1024w, https:\/\/arquiexperto.com\/wp-content\/uploads\/2024\/04\/Final-C-2-300x169.webp 300w, https:\/\/arquiexperto.com\/wp-content\/uploads\/2024\/04\/Final-C-2-768x432.webp 768w, https:\/\/arquiexperto.com\/wp-content\/uploads\/2024\/04\/Final-C-2-1536x864.webp 1536w, https:\/\/arquiexperto.com\/wp-content\/uploads\/2024\/04\/Final-C-2.webp 1920w\" sizes=\"auto, (max-width: 1024px) 100vw, 1024px\" \/><\/figure>\n\n\n\n<figure class=\"wp-block-image size-large\"><img loading=\"lazy\" decoding=\"async\" width=\"1024\" height=\"576\" data-id=\"2906\" src=\"https:\/\/arquiexperto.com\/wp-content\/uploads\/2024\/04\/Final-C-3_1-Photo-1024x576.webp\" alt=\"\" class=\"wp-image-2906\" srcset=\"https:\/\/arquiexperto.com\/wp-content\/uploads\/2024\/04\/Final-C-3_1-Photo-1024x576.webp 1024w, https:\/\/arquiexperto.com\/wp-content\/uploads\/2024\/04\/Final-C-3_1-Photo-300x169.webp 300w, https:\/\/arquiexperto.com\/wp-content\/uploads\/2024\/04\/Final-C-3_1-Photo-768x432.webp 768w, https:\/\/arquiexperto.com\/wp-content\/uploads\/2024\/04\/Final-C-3_1-Photo-1536x864.webp 1536w, https:\/\/arquiexperto.com\/wp-content\/uploads\/2024\/04\/Final-C-3_1-Photo.webp 1920w\" sizes=\"auto, (max-width: 1024px) 100vw, 1024px\" \/><\/figure>\n\n\n\n<figure class=\"wp-block-image size-large\"><img loading=\"lazy\" decoding=\"async\" width=\"1024\" height=\"576\" data-id=\"2905\" src=\"https:\/\/arquiexperto.com\/wp-content\/uploads\/2024\/04\/Final-C-3_2-Photo-1024x576.webp\" alt=\"\" class=\"wp-image-2905\" srcset=\"https:\/\/arquiexperto.com\/wp-content\/uploads\/2024\/04\/Final-C-3_2-Photo-1024x576.webp 1024w, https:\/\/arquiexperto.com\/wp-content\/uploads\/2024\/04\/Final-C-3_2-Photo-300x169.webp 300w, https:\/\/arquiexperto.com\/wp-content\/uploads\/2024\/04\/Final-C-3_2-Photo-768x432.webp 768w, https:\/\/arquiexperto.com\/wp-content\/uploads\/2024\/04\/Final-C-3_2-Photo-1536x864.webp 1536w, https:\/\/arquiexperto.com\/wp-content\/uploads\/2024\/04\/Final-C-3_2-Photo.webp 1920w\" sizes=\"auto, (max-width: 1024px) 100vw, 1024px\" \/><\/figure>\n\n\n\n<figure class=\"wp-block-image size-large\"><img loading=\"lazy\" decoding=\"async\" width=\"1024\" height=\"576\" data-id=\"2904\" src=\"https:\/\/arquiexperto.com\/wp-content\/uploads\/2024\/04\/Final-C-3_3-Photo-1024x576.webp\" alt=\"\" class=\"wp-image-2904\" srcset=\"https:\/\/arquiexperto.com\/wp-content\/uploads\/2024\/04\/Final-C-3_3-Photo-1024x576.webp 1024w, https:\/\/arquiexperto.com\/wp-content\/uploads\/2024\/04\/Final-C-3_3-Photo-300x169.webp 300w, https:\/\/arquiexperto.com\/wp-content\/uploads\/2024\/04\/Final-C-3_3-Photo-768x432.webp 768w, https:\/\/arquiexperto.com\/wp-content\/uploads\/2024\/04\/Final-C-3_3-Photo-1536x864.webp 1536w, https:\/\/arquiexperto.com\/wp-content\/uploads\/2024\/04\/Final-C-3_3-Photo.webp 1920w\" sizes=\"auto, (max-width: 1024px) 100vw, 1024px\" \/><\/figure>\n\n\n\n<figure class=\"wp-block-image size-large\"><img loading=\"lazy\" decoding=\"async\" width=\"1024\" height=\"576\" data-id=\"2903\" src=\"https:\/\/arquiexperto.com\/wp-content\/uploads\/2024\/04\/Final-C-1024x576.webp\" alt=\"\" class=\"wp-image-2903\" srcset=\"https:\/\/arquiexperto.com\/wp-content\/uploads\/2024\/04\/Final-C-1024x576.webp 1024w, https:\/\/arquiexperto.com\/wp-content\/uploads\/2024\/04\/Final-C-300x169.webp 300w, https:\/\/arquiexperto.com\/wp-content\/uploads\/2024\/04\/Final-C-768x432.webp 768w, https:\/\/arquiexperto.com\/wp-content\/uploads\/2024\/04\/Final-C-1536x864.webp 1536w, https:\/\/arquiexperto.com\/wp-content\/uploads\/2024\/04\/Final-C.webp 1920w\" sizes=\"auto, (max-width: 1024px) 100vw, 1024px\" \/><\/figure>\n<\/figure>\n\n\n\n<h2 class=\"gb-headline gb-headline-bbc01f17 gb-headline-text\">Commercial projects of High Standard<\/h2>\n\n\n\n<p>At our firm, we understand that commercial projects require a special approach to ensure success. We design commercial spaces with high standards of quality, ensuring that each project not only meets your business objectives, but also provide a compelling experience for your customers. From offices to shops and restaurants, each design is intended to maximize the efficiency and visual impact.<\/p>\n\n\n\n<p><strong>Focused on Innovation and Functionality<\/strong><\/p>\n\n\n\n<p>We specialize in creating commercial environments innovative and functional. We use the latest technologies and trends in design to ensure that your space stand out on the market. Our commitment to excellence ensures that every detail, from the layout to the finishes, is carefully planned to provide an environment attractive and efficient that will boost the success of your business.<\/p>\n\n\n\n<p><strong>Quality and Compliance<\/strong><\/p>\n\n\n\n<p>Every commercial project we undertake is carried out with a rigorous approach in the quality and regulatory compliance. We ensure that all aspects of the design to conform to building standards and local regulations, providing a result that is not only visually striking, but also safe and long-lasting. Your satisfaction and functionality of the space are our top priority.<\/p>","protected":false},"excerpt":{"rendered":"<p>Proyectos Comerciales de Alto Est\u00e1ndar En nuestra firma, entendemos que los proyectos comerciales requieren un enfoque especial para garantizar el \u00e9xito. Dise\u00f1amos espacios comerciales con altos est\u00e1ndares de calidad, asegurando que cada proyecto no solo cumpla con tus objetivos funcionales, sino que tambi\u00e9n ofrezca una experiencia atractiva para tus clientes. Desde oficinas hasta tiendas y &#8230; <a title=\"Commercial projects\" class=\"read-more\" href=\"https:\/\/arquiexperto.com\/en\/comerciales\/\" aria-label=\"Read more about Proyectos comerciales\">Leer m\u00e1s<\/a><\/p>","protected":false},"author":1,"featured_media":2904,"parent":0,"menu_order":0,"comment_status":"closed","ping_status":"closed","template":"","meta":{"_joinchat":[],"footnotes":""},"class_list":["post-3032","page","type-page","status-publish","has-post-thumbnail"],"yoast_head":"<!-- This site is optimized with the Yoast SEO plugin v23.7 - https:\/\/yoast.com\/wordpress\/plugins\/seo\/ -->\n<title>\u25b6 ArquiExperto | Si necesitas dise\u00f1ar tu negocio o proyecto comercial.<\/title>\n<meta name=\"description\" content=\"Arquitecto experto en todo tipo de proyectos, comerciales y residenciales \u26d4\ufe0f Hacemos dise\u00f1os sostenibles. CONTACTANOS!!!\" \/>\n<meta name=\"robots\" content=\"index, follow, max-snippet:-1, max-image-preview:large, max-video-preview:-1\" \/>\n<link rel=\"canonical\" href=\"https:\/\/arquiexperto.com\/en\/comerciales\/\" \/>\n<meta property=\"og:locale\" content=\"en_US\" \/>\n<meta property=\"og:type\" content=\"article\" \/>\n<meta property=\"og:title\" content=\"\u25b6 ArquiExperto | Si necesitas dise\u00f1ar tu negocio o proyecto comercial.\" \/>\n<meta property=\"og:description\" content=\"Arquitecto experto en todo tipo de proyectos, comerciales y residenciales \u26d4\ufe0f Hacemos dise\u00f1os sostenibles. CONTACTANOS!!!\" \/>\n<meta property=\"og:url\" content=\"https:\/\/arquiexperto.com\/en\/comerciales\/\" \/>\n<meta property=\"og:site_name\" content=\"ArquiExperto\" \/>\n<meta property=\"article:modified_time\" content=\"2024-07-20T04:05:39+00:00\" \/>\n<meta property=\"og:image\" content=\"https:\/\/arquiexperto.com\/wp-content\/uploads\/2024\/04\/Final-C-3_3-Photo.webp\" \/>\n\t<meta property=\"og:image:width\" content=\"1920\" \/>\n\t<meta property=\"og:image:height\" content=\"1080\" \/>\n\t<meta property=\"og:image:type\" content=\"image\/webp\" \/>\n<meta name=\"twitter:card\" content=\"summary_large_image\" \/>\n<meta name=\"twitter:label1\" content=\"Est. reading time\" \/>\n\t<meta name=\"twitter:data1\" content=\"3 minutes\" \/>\n<script type=\"application\/ld+json\" class=\"yoast-schema-graph\">{\"@context\":\"https:\/\/schema.org\",\"@graph\":[{\"@type\":\"WebPage\",\"@id\":\"https:\/\/arquiexperto.com\/en\/comerciales\/\",\"url\":\"https:\/\/arquiexperto.com\/en\/comerciales\/\",\"name\":\"\u25b6 ArquiExperto | Si necesitas dise\u00f1ar tu negocio o proyecto comercial.\",\"isPartOf\":{\"@id\":\"https:\/\/arquiexperto.com\/#website\"},\"primaryImageOfPage\":{\"@id\":\"https:\/\/arquiexperto.com\/en\/comerciales\/#primaryimage\"},\"image\":{\"@id\":\"https:\/\/arquiexperto.com\/en\/comerciales\/#primaryimage\"},\"thumbnailUrl\":\"https:\/\/arquiexperto.com\/wp-content\/uploads\/2024\/04\/Final-C-3_3-Photo.webp\",\"datePublished\":\"2024-07-20T01:45:06+00:00\",\"dateModified\":\"2024-07-20T04:05:39+00:00\",\"description\":\"Arquitecto experto en todo tipo de proyectos, comerciales y residenciales \u26d4\ufe0f Hacemos dise\u00f1os sostenibles. CONTACTANOS!!!\",\"inLanguage\":\"en-US\",\"potentialAction\":[{\"@type\":\"ReadAction\",\"target\":[\"https:\/\/arquiexperto.com\/en\/comerciales\/\"]}]},{\"@type\":\"ImageObject\",\"inLanguage\":\"en-US\",\"@id\":\"https:\/\/arquiexperto.com\/en\/comerciales\/#primaryimage\",\"url\":\"https:\/\/arquiexperto.com\/wp-content\/uploads\/2024\/04\/Final-C-3_3-Photo.webp\",\"contentUrl\":\"https:\/\/arquiexperto.com\/wp-content\/uploads\/2024\/04\/Final-C-3_3-Photo.webp\",\"width\":1920,\"height\":1080,\"caption\":\"Auto Estilo dise\u00f1o fachada\"},{\"@type\":\"WebSite\",\"@id\":\"https:\/\/arquiexperto.com\/#website\",\"url\":\"https:\/\/arquiexperto.com\/\",\"name\":\"ArquiExperto\",\"description\":\"Dise\u00f1amos la casa de tus sue\u00f1os\",\"potentialAction\":[{\"@type\":\"SearchAction\",\"target\":{\"@type\":\"EntryPoint\",\"urlTemplate\":\"https:\/\/arquiexperto.com\/?s={search_term_string}\"},\"query-input\":{\"@type\":\"PropertyValueSpecification\",\"valueRequired\":true,\"valueName\":\"search_term_string\"}}],\"inLanguage\":\"en-US\"}]}<\/script>\n<!-- \/ Yoast SEO plugin. -->","yoast_head_json":{"title":"\u25b6 ArquiExperto | Si necesitas dise\u00f1ar tu negocio o proyecto comercial.","description":"Arquitecto experto en todo tipo de proyectos, comerciales y residenciales \u26d4\ufe0f Hacemos dise\u00f1os sostenibles. CONTACTANOS!!!","robots":{"index":"index","follow":"follow","max-snippet":"max-snippet:-1","max-image-preview":"max-image-preview:large","max-video-preview":"max-video-preview:-1"},"canonical":"https:\/\/arquiexperto.com\/en\/comerciales\/","og_locale":"en_US","og_type":"article","og_title":"\u25b6 ArquiExperto | Si necesitas dise\u00f1ar tu negocio o proyecto comercial.","og_description":"Arquitecto experto en todo tipo de proyectos, comerciales y residenciales \u26d4\ufe0f Hacemos dise\u00f1os sostenibles. CONTACTANOS!!!","og_url":"https:\/\/arquiexperto.com\/en\/comerciales\/","og_site_name":"ArquiExperto","article_modified_time":"2024-07-20T04:05:39+00:00","og_image":[{"width":1920,"height":1080,"url":"https:\/\/arquiexperto.com\/wp-content\/uploads\/2024\/04\/Final-C-3_3-Photo.webp","type":"image\/webp"}],"twitter_card":"summary_large_image","twitter_misc":{"Est. reading time":"3 minutes"},"schema":{"@context":"https:\/\/schema.org","@graph":[{"@type":"WebPage","@id":"https:\/\/arquiexperto.com\/en\/comerciales\/","url":"https:\/\/arquiexperto.com\/en\/comerciales\/","name":"\u25b6 ArquiExperto | Si necesitas dise\u00f1ar tu negocio o proyecto comercial.","isPartOf":{"@id":"https:\/\/arquiexperto.com\/#website"},"primaryImageOfPage":{"@id":"https:\/\/arquiexperto.com\/en\/comerciales\/#primaryimage"},"image":{"@id":"https:\/\/arquiexperto.com\/en\/comerciales\/#primaryimage"},"thumbnailUrl":"https:\/\/arquiexperto.com\/wp-content\/uploads\/2024\/04\/Final-C-3_3-Photo.webp","datePublished":"2024-07-20T01:45:06+00:00","dateModified":"2024-07-20T04:05:39+00:00","description":"Arquitecto experto en todo tipo de proyectos, comerciales y residenciales \u26d4\ufe0f Hacemos dise\u00f1os sostenibles. CONTACTANOS!!!","inLanguage":"en-US","potentialAction":[{"@type":"ReadAction","target":["https:\/\/arquiexperto.com\/en\/comerciales\/"]}]},{"@type":"ImageObject","inLanguage":"en-US","@id":"https:\/\/arquiexperto.com\/en\/comerciales\/#primaryimage","url":"https:\/\/arquiexperto.com\/wp-content\/uploads\/2024\/04\/Final-C-3_3-Photo.webp","contentUrl":"https:\/\/arquiexperto.com\/wp-content\/uploads\/2024\/04\/Final-C-3_3-Photo.webp","width":1920,"height":1080,"caption":"Auto Estilo dise\u00f1o fachada"},{"@type":"WebSite","@id":"https:\/\/arquiexperto.com\/#website","url":"https:\/\/arquiexperto.com\/","name":"ArquiExperto","description":"Dise\u00f1amos la casa de tus sue\u00f1os","potentialAction":[{"@type":"SearchAction","target":{"@type":"EntryPoint","urlTemplate":"https:\/\/arquiexperto.com\/?s={search_term_string}"},"query-input":{"@type":"PropertyValueSpecification","valueRequired":true,"valueName":"search_term_string"}}],"inLanguage":"en-US"}]}},"_links":{"self":[{"href":"https:\/\/arquiexperto.com\/en\/wp-json\/wp\/v2\/pages\/3032","targetHints":{"allow":["GET"]}}],"collection":[{"href":"https:\/\/arquiexperto.com\/en\/wp-json\/wp\/v2\/pages"}],"about":[{"href":"https:\/\/arquiexperto.com\/en\/wp-json\/wp\/v2\/types\/page"}],"author":[{"embeddable":true,"href":"https:\/\/arquiexperto.com\/en\/wp-json\/wp\/v2\/users\/1"}],"replies":[{"embeddable":true,"href":"https:\/\/arquiexperto.com\/en\/wp-json\/wp\/v2\/comments?post=3032"}],"version-history":[{"count":3,"href":"https:\/\/arquiexperto.com\/en\/wp-json\/wp\/v2\/pages\/3032\/revisions"}],"predecessor-version":[{"id":3049,"href":"https:\/\/arquiexperto.com\/en\/wp-json\/wp\/v2\/pages\/3032\/revisions\/3049"}],"wp:featuredmedia":[{"embeddable":true,"href":"https:\/\/arquiexperto.com\/en\/wp-json\/wp\/v2\/media\/2904"}],"wp:attachment":[{"href":"https:\/\/arquiexperto.com\/en\/wp-json\/wp\/v2\/media?parent=3032"}],"curies":[{"name":"wp","href":"https:\/\/api.w.org\/{rel}","templated":true}]}}